{"id":680,"date":"2024-04-24T11:46:23","date_gmt":"2024-04-24T09:46:23","guid":{"rendered":"https:\/\/dev.mueller-spannzangen.de\/protection-des-donnees\/"},"modified":"2024-05-06T11:21:10","modified_gmt":"2024-05-06T09:21:10","slug":"protection-des-donnees","status":"publish","type":"page","link":"https:\/\/mueller-spannzangen.de\/fr\/protection-des-donnees\/","title":{"rendered":"Protection des donn\u00e9es"},"content":{"rendered":"\t\t<div data-elementor-type=\"wp-page\" data-elementor-id=\"680\" class=\"elementor elementor-680\" data-elementor-post-type=\"page\">\n\t\t\t\t<div class=\"elementor-element elementor-element-7175f7e e-flex e-con-boxed e-con e-parent\" data-id=\"7175f7e\" data-element_type=\"container\" data-e-type=\"container\">\n\t\t\t\t\t<div class=\"e-con-inner\">\n\t\t\t\t<div class=\"elementor-element elementor-element-6a48b7e elementor-widget elementor-widget-text-editor\" data-id=\"6a48b7e\" data-element_type=\"widget\" data-e-type=\"widget\" data-widget_type=\"text-editor.default\">\n\t\t\t\t<div class=\"elementor-widget-container\">\n\t\t\t\t\t\t\t\t\t<p><strong>Protection des donn\u00e9es<\/strong><\/p>\n<p>Mentions l\u00e9gales conform\u00e9ment \u00e0 l&rsquo;article 5 du TMG<\/p>\n<p>Rolf M\u00fcller GmbH<br \/>Salzbergweg 36<br \/>71364 Winnenden<\/p>\n<p><strong>Repr\u00e9sent\u00e9 par:<\/strong><br \/>Rolf M\u00fcller (PDG)<\/p>\n<p>Registre du commerce: Inscription au registre du commerce<\/p>\n<p>Tribunal de commerce: Waiblingen<\/p>\n<p>Num\u00e9ro d&rsquo;immatriculation: HRB 1251<\/p>\n<p><strong>Num\u00e9ro de TVA:<\/strong><br \/>Num\u00e9ro d&rsquo;identification de TVA selon l&rsquo;article 27a de la loi sur la taxe sur la valeur ajout\u00e9e allemande : DE147325393<\/p>\n<p><strong>Clause de non-responsabilit\u00e9:<\/strong><\/p>\n<p><strong>Responsabilit\u00e9 du contenu<\/strong><\/p>\n<p>Le contenu de nos pages a \u00e9t\u00e9 cr\u00e9\u00e9 avec le plus grand soin. Cependant, nous ne pouvons garantir l&rsquo;exactitude, l&rsquo;exhaustivit\u00e9 et l&rsquo;actualit\u00e9 du contenu. En tant que fournisseur de services, nous sommes responsables de notre propre contenu sur ces pages conform\u00e9ment \u00e0 l&rsquo;article 7, paragraphe 1 du TMG (loi allemande sur les t\u00e9l\u00e9m\u00e9dias) et aux lois g\u00e9n\u00e9rales. Conform\u00e9ment aux articles 8 \u00e0 10 du TMG, nous ne sommes toutefois pas tenus, en tant que fournisseur de services, de surveiller les informations transmises ou stock\u00e9es par des tiers ni de rechercher des circonstances indiquant une activit\u00e9 ill\u00e9gale. Les obligations de suppression ou de blocage de l&rsquo;utilisation d&rsquo;informations selon les lois g\u00e9n\u00e9rales restent inchang\u00e9es. Cependant, toute responsabilit\u00e9 en la mati\u00e8re n&rsquo;est possible qu&rsquo;\u00e0 partir du moment o\u00f9 nous avons connaissance d&rsquo;une violation sp\u00e9cifique de la loi. En cas de prise de connaissance de violations correspondantes, nous supprimerons imm\u00e9diatement ces contenus.       <\/p>\n<p><strong>Droit d&rsquo;auteur<\/strong><\/p>\n<p>Le contenu et les oeuvres cr\u00e9\u00e9s par les exploitants du site sur ces pages sont soumis au droit d&rsquo;auteur allemand. La reproduction, la modification, la distribution et toute forme d&rsquo;exploitation en dehors des limites du droit d&rsquo;auteur n\u00e9cessitent le consentement \u00e9crit de l&rsquo;auteur ou du cr\u00e9ateur concern\u00e9. Les t\u00e9l\u00e9chargements et copies de cette page ne sont autoris\u00e9s que pour un usage priv\u00e9, non commercial. Dans la mesure o\u00f9 le contenu de cette page n&rsquo;a pas \u00e9t\u00e9 cr\u00e9\u00e9 par l&rsquo;exploitant, les droits d&rsquo;auteur des tiers sont respect\u00e9s. En particulier, les contenus de tiers sont identifi\u00e9s comme tels. Si malgr\u00e9 cela vous constatez une violation du droit d&rsquo;auteur, veuillez nous en informer. En cas de constatation de violations, nous supprimerons imm\u00e9diatement de tels contenus.      <\/p>\n<p><strong>Protection des donn\u00e9es<\/strong><\/p>\n<p>L&rsquo;utilisation de notre site web est g\u00e9n\u00e9ralement possible sans fournir de donn\u00e9es personnelles. Dans la mesure o\u00f9 des donn\u00e9es personnelles (par exemple, nom, adresse ou adresses e-mail) sont collect\u00e9es sur nos pages, cela se fait toujours sur une base volontaire, dans la mesure du possible. Ces donn\u00e9es ne seront pas transmises \u00e0 des tiers sans votre consentement explicite.  <br \/>Nous attirons votre attention sur le fait que la transmission de donn\u00e9es sur Internet (par exemple, lors de la communication par e-mail) peut pr\u00e9senter des lacunes de s\u00e9curit\u00e9. Une protection compl\u00e8te des donn\u00e9es contre l&rsquo;acc\u00e8s par des tiers n&rsquo;est pas possible. <br \/>L&rsquo;utilisation par des tiers des coordonn\u00e9es publi\u00e9es dans le cadre de l&rsquo;obligation de mention l\u00e9gale pour l&rsquo;envoi de publicit\u00e9 et de mat\u00e9riel d&rsquo;information non sollicit\u00e9s est express\u00e9ment contredite. Les exploitants des pages se r\u00e9servent express\u00e9ment le droit d&rsquo;engager des poursuites judiciaires en cas d&rsquo;envoi non sollicit\u00e9 d&rsquo;informations publicitaires, par exemple par spam. <\/p>\n<p>Source:<\/p>\n<p>https:\/\/e-recht24.de<\/p>\n\t\t\t\t\t\t\t\t<\/div>\n\t\t\t\t<\/div>\n\t\t\t\t\t<\/div>\n\t\t\t\t<\/div>\n\t\t\t\t<\/div>\n\t\t","protected":false},"excerpt":{"rendered":"<p>Protection des donn\u00e9es Mentions l\u00e9gales conform\u00e9ment \u00e0 l&rsquo;article 5 du TMG Rolf M\u00fcller GmbHSalzbergweg 3671364 Winnenden Repr\u00e9sent\u00e9 par:Rolf M\u00fcller (PDG) Registre du commerce: Inscription au registre du commerce Tribunal de commerce: Waiblingen Num\u00e9ro d&rsquo;immatriculation: HRB 1251 Num\u00e9ro de TVA:Num\u00e9ro d&rsquo;identification de TVA selon l&rsquo;article 27a de la loi sur la taxe sur la valeur ajout\u00e9e [&hellip;]<\/p>\n","protected":false},"author":1,"featured_media":0,"parent":0,"menu_order":0,"comment_status":"closed","ping_status":"closed","template":"elementor_header_footer","meta":{"footnotes":""},"class_list":["post-680","page","type-page","status-publish","hentry"],"_links":{"self":[{"href":"https:\/\/mueller-spannzangen.de\/fr\/wp-json\/wp\/v2\/pages\/680","targetHints":{"allow":["GET"]}}],"collection":[{"href":"https:\/\/mueller-spannzangen.de\/fr\/wp-json\/wp\/v2\/pages"}],"about":[{"href":"https:\/\/mueller-spannzangen.de\/fr\/wp-json\/wp\/v2\/types\/page"}],"author":[{"embeddable":true,"href":"https:\/\/mueller-spannzangen.de\/fr\/wp-json\/wp\/v2\/users\/1"}],"replies":[{"embeddable":true,"href":"https:\/\/mueller-spannzangen.de\/fr\/wp-json\/wp\/v2\/comments?post=680"}],"version-history":[{"count":6,"href":"https:\/\/mueller-spannzangen.de\/fr\/wp-json\/wp\/v2\/pages\/680\/revisions"}],"predecessor-version":[{"id":767,"href":"https:\/\/mueller-spannzangen.de\/fr\/wp-json\/wp\/v2\/pages\/680\/revisions\/767"}],"wp:attachment":[{"href":"https:\/\/mueller-spannzangen.de\/fr\/wp-json\/wp\/v2\/media?parent=680"}],"curies":[{"name":"wp","href":"https:\/\/api.w.org\/{rel}","templated":true}]}}